{"id":3,"date":"2021-04-19T11:17:06","date_gmt":"2021-04-19T09:17:06","guid":{"rendered":"http:\/\/preprod.alliance-mim.com\/?page_id=3"},"modified":"2021-06-11T10:10:04","modified_gmt":"2021-06-11T08:10:04","slug":"politique-de-confidentialite","status":"publish","type":"page","link":"https:\/\/alliance-mim.com\/fr\/politique-de-confidentialite\/","title":{"rendered":"Politique de confidentialit\u00e9"},"content":{"rendered":"\n<style type=\"text\/css\" data-created_by=\"avia_inline_auto\" id=\"style-css-av-cbq9-bc5a3d05bb8510f2f850e859d3d798f6\">\n.flex_column.av-cbq9-bc5a3d05bb8510f2f850e859d3d798f6{\nborder-radius:0px 0px 0px 0px;\npadding:0px 0px 0px 0px;\n}\n<\/style>\n<div  class='flex_column av-cbq9-bc5a3d05bb8510f2f850e859d3d798f6 av_one_full  avia-builder-el-0  avia-builder-el-no-sibling  first flex_column_div av-zero-column-padding  '     ><p><section  class='av_textblock_section av-aahl-ff49315c208da97ed567adc7b441d4e5 '   itemscope=\"itemscope\" itemtype=\"https:\/\/schema.org\/CreativeWork\" ><div class='avia_textblock'  itemprop=\"text\" ><div class=\"breadcrumb breadcrumbs avia-breadcrumbs\"><div class=\"breadcrumb-trail\" ><span class=\"trail-before\"><span class=\"breadcrumb-title\">Vous \u00eates ici :<\/span><\/span> <span  itemscope=\"itemscope\" itemtype=\"https:\/\/schema.org\/BreadcrumbList\" ><span  itemscope=\"itemscope\" itemtype=\"https:\/\/schema.org\/ListItem\" itemprop=\"itemListElement\" ><a itemprop=\"url\" href=\"https:\/\/alliance-mim.com\/fr\/\" title=\"AllianceMIM, Metal Injection Moulding\" rel=\"home\" class=\"trail-begin\"><span itemprop=\"name\">Accueil<\/span><\/a><span itemprop=\"position\" class=\"hidden\">1<\/span><\/span><\/span><\/div><\/div>\n<\/div><\/section><br \/>\n\n<style type=\"text\/css\" data-created_by=\"avia_inline_auto\" id=\"style-css-av-8g6n-56b824b34c7c68bd48b0cb284d08da49\">\n#top .hr.hr-invisible.av-8g6n-56b824b34c7c68bd48b0cb284d08da49{\nheight:50px;\n}\n<\/style>\n<div  class='hr av-8g6n-56b824b34c7c68bd48b0cb284d08da49 hr-invisible  avia-builder-el-2  el_after_av_textblock  el_before_av_textblock '><span class='hr-inner '><span class=\"hr-inner-style\"><\/span><\/span><\/div><br \/>\n<section  class='av_textblock_section av-kpc9joz0-145273b94a10c6f820645a6986ff2b21 '   itemscope=\"itemscope\" itemtype=\"https:\/\/schema.org\/CreativeWork\" ><div class='avia_textblock'  itemprop=\"text\" ><h1>Politique de confidentialit\u00e9<\/h1>\n<\/div><\/section><br \/>\n\n<style type=\"text\/css\" data-created_by=\"avia_inline_auto\" id=\"style-css-av-5kkn-48375a5c6e7bc7839529c6dcf5059f65\">\n#top .hr.hr-invisible.av-5kkn-48375a5c6e7bc7839529c6dcf5059f65{\nheight:30px;\n}\n<\/style>\n<div  class='hr av-5kkn-48375a5c6e7bc7839529c6dcf5059f65 hr-invisible  avia-builder-el-4  el_after_av_textblock  el_before_av_textblock '><span class='hr-inner '><span class=\"hr-inner-style\"><\/span><\/span><\/div><br \/>\n<section  class='av_textblock_section av-kpc9l6m4-c00eeeb1fd2ff078e69e2a3aeb1c22fa '   itemscope=\"itemscope\" itemtype=\"https:\/\/schema.org\/CreativeWork\" ><div class='avia_textblock'  itemprop=\"text\" ><h2>Pr\u00e9ambule<\/h2>\n<p>Alliance MIM est amen\u00e9e \u00e0 traiter des donn\u00e9es \u00e0 caract\u00e8re personnel en rapport avec l\u2019utilisation du pr\u00e9sent site Internet ou interaction avec tout autre pr\u00e9sence en ligne dont Alliance MIM est administrateur.<\/p>\n<p>Alliance MIM accorde une importance particuli\u00e8re \u00e0 la pr\u00e9servation de vos donn\u00e9es \u00e0 caract\u00e8re personnel et aux droits et libert\u00e9s qui s\u2019y rattachent.<\/p>\n<p>Les pr\u00e9sentes conditions de confidentialit\u00e9 ont donc pour principal objectif de d\u00fbment informer les personnes concern\u00e9es des traitements r\u00e9alis\u00e9 par Alliance MIM de leurs droits conform\u00e9ment \u00e0 la l\u00e9gislation en vigueur et \u00e0 notre engagement en faveur d\u2019une meilleure protection des donn\u00e9es.<\/p>\n<h2>Responsable du traitement<\/h2>\n<p>Alliance MIM<br \/>\nSIRET : 39963378300044<br \/>\nEtablie au : 22 rue de l&rsquo;Europe 25410 SAINT-VIT<\/p>\n<p>Pour toute demande concernant vos donn\u00e9es personnelles merci de nous formuler votre demande par <a href=\"\/fr\/contact\">email<\/a> ou par t\u00e9l\u00e9phone au +33 (0)3 81 87 52 49. Conform\u00e9ment au r\u00e8glement UE 2016\/679 et \u00e0 la loi informatique et libert\u00e9 n\u00b078-17 la Alliance MIM s\u2019engage \u00e0 vous transmettre au regard de vos droits une r\u00e9ponse dans les d\u00e9lais les plus brefs.<\/p>\n<h2>Cadre juridique<\/h2>\n<p>Alliance MIM s\u2019engage \u00e0 r\u00e9pondre \u00e0 tout instant aux obligations et aux garanties l\u00e9gales et r\u00e9glementaires en sa qualit\u00e9 de responsable du traitement en mati\u00e8re de protection des donn\u00e9es \u00e0 caract\u00e8re personnel et tout particuli\u00e8rement aux garanties pr\u00e9vues par le r\u00e8glement UE 2016\/679 et la loi informatique et libert\u00e9 du 6 janvier 1978 n\u00b078-17 (<em>modifi\u00e9e le 20 juin 2018 par la loi n\u00b02018\/493<\/em>).<\/p>\n<h2>Utilisation des donn\u00e9es<\/h2>\n<p>Conform\u00e9ment aux normes r\u00e9glementaires et l\u00e9gislatives mentionn\u00e9es plus haut, Alliance MIM est tenu \u00e0 un devoir d\u2019information et de transparence envers les personnes concern\u00e9es. Il s\u2019engage entre autres :<\/p>\n<ul>\n<li>\u00e0 ne traiter que les donn\u00e9es dont il a essentiellement besoin pour le fonctionnement du pr\u00e9sent site (plus d\u2019information dans la rubrique cookie ci-dessous) et pour mener \u00e0 bien ses obligations l\u00e9gales et contractuelles,<\/li>\n<li>\u00e0 ne traiter les donn\u00e9es susvis\u00e9es que dans la limite des finalit\u00e9s pr\u00e9vues au champ \u00ab\u00a0<em><strong>finalit\u00e9 et motivation du traitement<\/strong>\u00a0<\/em>\u00bb des politiques de confidentialit\u00e9,<\/li>\n<li>\u00e0 ne traiter ces donn\u00e9es pour une dur\u00e9e strictement \u00e9gale aux d\u00e9lais l\u00e9galement pr\u00e9vus \u00e0 d\u00e9faut pour une dur\u00e9e proportionnelle et conforme \u00e0 l\u2019utilisation motivant un tel traitement,<\/li>\n<li>\u00e0 ne pas transf\u00e9rer vos donn\u00e9es \u00e0 des tiers non autoris\u00e9s sans recueillir pr\u00e9alablement de mani\u00e8re non-\u00e9quivoque votre consentement.<\/li>\n<\/ul>\n<p>Le type de donn\u00e9es concern\u00e9es se limite\u00a0\u00e0 :<\/p>\n<ul>\n<li>adresse IP \u00e0 des fins statistiques,<\/li>\n<li>coordonn\u00e9es transmises via le formulaire de contact,<\/li>\n<li>coordonn\u00e9es transmises via le formulaire de r\u00e9ponse \u00e0 une offre d&#8217;emploi.<\/li>\n<\/ul>\n<h2>Finalit\u00e9 et motivation du traitement<\/h2>\n<p>Alliance MIM s\u2019engage \u00e0 traiter les donn\u00e9es personnelles collect\u00e9es de mani\u00e8re loyale, \u00e9clair\u00e9e, pour des finalit\u00e9s bien d\u00e9termin\u00e9es, explicite et l\u00e9gitime :<\/p>\n<ul>\n<li>pour le fonctionnement du pr\u00e9sent site,<\/li>\n<li>afin de r\u00e9pondre aux demandes des personnes concern\u00e9es qu\u2019elles soient commerciales ou autres,<\/li>\n<li>afin de r\u00e9pondre \u00e0 nos obligations l\u00e9gales et r\u00e9glementaires notamment concernant les donn\u00e9es de connexion et de navigation,<\/li>\n<li>am\u00e9liorer nos services,<\/li>\n<li>vous avertir \u00e0 des fins utiles de toutes modifications des pr\u00e9sentes ou des autres conditions de Alliance MIM.<\/li>\n<\/ul>\n<p>Les personnes concern\u00e9es peuvent \u00e0 tout instant formuler une demande dans les conditions pr\u00e9vues ci-dessous dans la rubrique \u00ab\u00a0<strong><em>droit des personnes concern\u00e9es<\/em><\/strong>\u00a0\u00bb, afin d\u2019avoir plus d\u2019information sur notre politique de confidentialit\u00e9 et sur le traitement de leurs donn\u00e9es \u00e0 caract\u00e8re personnel.<\/p>\n<h2>Politique de gestion des Cookies<\/h2>\n<p>Un cookie est un fichier texte enregistr\u00e9 sur votre ordinateur, votre appareil mobile ou sur la m\u00e9moire de votre navigateur par le site que vous visitez. Les donn\u00e9es r\u00e9colt\u00e9es par le pr\u00e9sent site permettent entre autres son bon fonctionnement, l\u2019am\u00e9lioration de ses fonctionnalit\u00e9s ou encore de mener des statistiques.<\/p>\n<p>Lors de son arriv\u00e9e sur le site, le visiteur est averti de l\u2019utilisation de cookies par Alliance MIM. Il a la possibilit\u00e9 de consentir, de refuser ou de personnaliser cette utilisation \u00e0 sa guise conform\u00e9ment au r\u00e8glement 2016\/679.<\/p>\n<p>Nous vous informons que la d\u00e9sactivation ou la suppression des cookies peut avoir une incidence sur l\u2019utilisation et les fonctionnalit\u00e9s du pr\u00e9sent site Internet.<\/p>\n<p>Vous pouvez \u00e9galement modifier les param\u00e8tres des cookies directement depuis le menu de votre navigateur (Internet Explorer, Safari, Firefox, Google Chrome, etc.).<\/p>\n<h2>Droit des personnes concern\u00e9es<\/h2>\n<p>Alliance MIM rappelle aux visiteurs du pr\u00e9sent site et aux personnes concern\u00e9es qu\u2019ils peuvent conform\u00e9ment au <strong>chapitre III du r\u00e8glement UE 2016\/679<\/strong>, formuler \u00e0 tout moment une demande \u00e0 la soci\u00e9t\u00e9 afin de faire valoir leurs droits tel que : droit \u00e0 l\u2019effacement, droit \u00e0 l\u2019acc\u00e8s, droit \u00e0 la limitation ou restriction du traitement.<\/p>\n<\/div><\/section><br \/>\n\n<style type=\"text\/css\" data-created_by=\"avia_inline_auto\" id=\"style-css-av-931-64031aa36bfbff7a7715ab6a7f92a2ac\">\n#top .hr.hr-invisible.av-931-64031aa36bfbff7a7715ab6a7f92a2ac{\nheight:50px;\n}\n<\/style>\n<div  class='hr av-931-64031aa36bfbff7a7715ab6a7f92a2ac hr-invisible  avia-builder-el-6  el_after_av_textblock  avia-builder-el-last '><span class='hr-inner '><span class=\"hr-inner-style\"><\/span><\/span><\/div><\/p><\/div>\n","protected":false},"excerpt":{"rendered":"","protected":false},"author":1,"featured_media":0,"parent":0,"menu_order":0,"comment_status":"closed","ping_status":"open","template":"","meta":{"footnotes":""},"class_list":["post-3","page","type-page","status-publish","hentry"],"yoast_head":"<!-- This site is optimized with the Yoast SEO plugin v26.9 - https:\/\/yoast.com\/product\/yoast-seo-wordpress\/ -->\n<title>AllianceMIM, Metal Injection Moulding<\/title>\n<meta name=\"robots\" content=\"index, follow, max-snippet:-1, max-image-preview:large, max-video-preview:-1\" \/>\n<link rel=\"canonical\" href=\"https:\/\/alliance-mim.com\/fr\/politique-de-confidentialite\/\" \/>\n<meta property=\"og:locale\" content=\"fr_FR\" \/>\n<meta property=\"og:type\" content=\"article\" \/>\n<meta property=\"og:title\" content=\"Politique de confidentialit\u00e9 - AllianceMIM, Metal Injection Moulding\" \/>\n<meta property=\"og:url\" content=\"https:\/\/alliance-mim.com\/fr\/politique-de-confidentialite\/\" \/>\n<meta property=\"og:site_name\" content=\"AllianceMIM, Metal Injection Moulding\" \/>\n<meta property=\"article:modified_time\" content=\"2021-06-11T08:10:04+00:00\" \/>\n<meta name=\"twitter:card\" content=\"summary_large_image\" \/>\n<meta name=\"twitter:label1\" content=\"Dur\u00e9e de lecture estim\u00e9e\" \/>\n\t<meta name=\"twitter:data1\" content=\"6 minutes\" \/>\n<script type=\"application\/ld+json\" class=\"yoast-schema-graph\">{\"@context\":\"https:\/\/schema.org\",\"@graph\":[{\"@type\":\"WebPage\",\"@id\":\"https:\/\/alliance-mim.com\/fr\/politique-de-confidentialite\/\",\"url\":\"https:\/\/alliance-mim.com\/fr\/politique-de-confidentialite\/\",\"name\":\"Politique de confidentialit\u00e9 - AllianceMIM, Metal Injection Moulding\",\"isPartOf\":{\"@id\":\"https:\/\/alliance-mim.com\/fr\/#website\"},\"datePublished\":\"2021-04-19T09:17:06+00:00\",\"dateModified\":\"2021-06-11T08:10:04+00:00\",\"breadcrumb\":{\"@id\":\"https:\/\/alliance-mim.com\/fr\/politique-de-confidentialite\/#breadcrumb\"},\"inLanguage\":\"fr-FR\",\"potentialAction\":[{\"@type\":\"ReadAction\",\"target\":[\"https:\/\/alliance-mim.com\/fr\/politique-de-confidentialite\/\"]}]},{\"@type\":\"BreadcrumbList\",\"@id\":\"https:\/\/alliance-mim.com\/fr\/politique-de-confidentialite\/#breadcrumb\",\"itemListElement\":[{\"@type\":\"ListItem\",\"position\":1,\"name\":\"Accueil\",\"item\":\"https:\/\/alliance-mim.com\/fr\/accueil\/\"},{\"@type\":\"ListItem\",\"position\":2,\"name\":\"Politique de confidentialit\u00e9\"}]},{\"@type\":\"WebSite\",\"@id\":\"https:\/\/alliance-mim.com\/fr\/#website\",\"url\":\"https:\/\/alliance-mim.com\/fr\/\",\"name\":\"AllianceMIM, Metal Injection Moulding\",\"description\":\"Moulage par injection de m\u00e9tal\",\"publisher\":{\"@id\":\"https:\/\/alliance-mim.com\/fr\/#organization\"},\"potentialAction\":[{\"@type\":\"SearchAction\",\"target\":{\"@type\":\"EntryPoint\",\"urlTemplate\":\"https:\/\/alliance-mim.com\/fr\/?s={search_term_string}\"},\"query-input\":{\"@type\":\"PropertyValueSpecification\",\"valueRequired\":true,\"valueName\":\"search_term_string\"}}],\"inLanguage\":\"fr-FR\"},{\"@type\":\"Organization\",\"@id\":\"https:\/\/alliance-mim.com\/fr\/#organization\",\"name\":\"Alliance MiM\",\"url\":\"https:\/\/alliance-mim.com\/fr\/\",\"logo\":{\"@type\":\"ImageObject\",\"inLanguage\":\"fr-FR\",\"@id\":\"https:\/\/alliance-mim.com\/fr\/#\/schema\/logo\/image\/\",\"url\":\"https:\/\/alliance-mim.com\/wp-content\/uploads\/2021\/05\/logo-MAKE-IT-GREEN-fond-transparent.png\",\"contentUrl\":\"https:\/\/alliance-mim.com\/wp-content\/uploads\/2021\/05\/logo-MAKE-IT-GREEN-fond-transparent.png\",\"width\":940,\"height\":938,\"caption\":\"Alliance MiM\"},\"image\":{\"@id\":\"https:\/\/alliance-mim.com\/fr\/#\/schema\/logo\/image\/\"}}]}<\/script>\n<!-- \/ Yoast SEO plugin. -->","yoast_head_json":{"title":"AllianceMIM, Metal Injection Moulding","robots":{"index":"index","follow":"follow","max-snippet":"max-snippet:-1","max-image-preview":"max-image-preview:large","max-video-preview":"max-video-preview:-1"},"canonical":"https:\/\/alliance-mim.com\/fr\/politique-de-confidentialite\/","og_locale":"fr_FR","og_type":"article","og_title":"Politique de confidentialit\u00e9 - AllianceMIM, Metal Injection Moulding","og_url":"https:\/\/alliance-mim.com\/fr\/politique-de-confidentialite\/","og_site_name":"AllianceMIM, Metal Injection Moulding","article_modified_time":"2021-06-11T08:10:04+00:00","twitter_card":"summary_large_image","twitter_misc":{"Dur\u00e9e de lecture estim\u00e9e":"6 minutes"},"schema":{"@context":"https:\/\/schema.org","@graph":[{"@type":"WebPage","@id":"https:\/\/alliance-mim.com\/fr\/politique-de-confidentialite\/","url":"https:\/\/alliance-mim.com\/fr\/politique-de-confidentialite\/","name":"Politique de confidentialit\u00e9 - AllianceMIM, Metal Injection Moulding","isPartOf":{"@id":"https:\/\/alliance-mim.com\/fr\/#website"},"datePublished":"2021-04-19T09:17:06+00:00","dateModified":"2021-06-11T08:10:04+00:00","breadcrumb":{"@id":"https:\/\/alliance-mim.com\/fr\/politique-de-confidentialite\/#breadcrumb"},"inLanguage":"fr-FR","potentialAction":[{"@type":"ReadAction","target":["https:\/\/alliance-mim.com\/fr\/politique-de-confidentialite\/"]}]},{"@type":"BreadcrumbList","@id":"https:\/\/alliance-mim.com\/fr\/politique-de-confidentialite\/#breadcrumb","itemListElement":[{"@type":"ListItem","position":1,"name":"Accueil","item":"https:\/\/alliance-mim.com\/fr\/accueil\/"},{"@type":"ListItem","position":2,"name":"Politique de confidentialit\u00e9"}]},{"@type":"WebSite","@id":"https:\/\/alliance-mim.com\/fr\/#website","url":"https:\/\/alliance-mim.com\/fr\/","name":"AllianceMIM, Metal Injection Moulding","description":"Moulage par injection de m\u00e9tal","publisher":{"@id":"https:\/\/alliance-mim.com\/fr\/#organization"},"potentialAction":[{"@type":"SearchAction","target":{"@type":"EntryPoint","urlTemplate":"https:\/\/alliance-mim.com\/fr\/?s={search_term_string}"},"query-input":{"@type":"PropertyValueSpecification","valueRequired":true,"valueName":"search_term_string"}}],"inLanguage":"fr-FR"},{"@type":"Organization","@id":"https:\/\/alliance-mim.com\/fr\/#organization","name":"Alliance MiM","url":"https:\/\/alliance-mim.com\/fr\/","logo":{"@type":"ImageObject","inLanguage":"fr-FR","@id":"https:\/\/alliance-mim.com\/fr\/#\/schema\/logo\/image\/","url":"https:\/\/alliance-mim.com\/wp-content\/uploads\/2021\/05\/logo-MAKE-IT-GREEN-fond-transparent.png","contentUrl":"https:\/\/alliance-mim.com\/wp-content\/uploads\/2021\/05\/logo-MAKE-IT-GREEN-fond-transparent.png","width":940,"height":938,"caption":"Alliance MiM"},"image":{"@id":"https:\/\/alliance-mim.com\/fr\/#\/schema\/logo\/image\/"}}]}},"_links":{"self":[{"href":"https:\/\/alliance-mim.com\/fr\/wp-json\/wp\/v2\/pages\/3","targetHints":{"allow":["GET"]}}],"collection":[{"href":"https:\/\/alliance-mim.com\/fr\/wp-json\/wp\/v2\/pages"}],"about":[{"href":"https:\/\/alliance-mim.com\/fr\/wp-json\/wp\/v2\/types\/page"}],"author":[{"embeddable":true,"href":"https:\/\/alliance-mim.com\/fr\/wp-json\/wp\/v2\/users\/1"}],"replies":[{"embeddable":true,"href":"https:\/\/alliance-mim.com\/fr\/wp-json\/wp\/v2\/comments?post=3"}],"version-history":[{"count":5,"href":"https:\/\/alliance-mim.com\/fr\/wp-json\/wp\/v2\/pages\/3\/revisions"}],"predecessor-version":[{"id":2182,"href":"https:\/\/alliance-mim.com\/fr\/wp-json\/wp\/v2\/pages\/3\/revisions\/2182"}],"wp:attachment":[{"href":"https:\/\/alliance-mim.com\/fr\/wp-json\/wp\/v2\/media?parent=3"}],"curies":[{"name":"wp","href":"https:\/\/api.w.org\/{rel}","templated":true}]}}