{"id":27,"date":"2021-05-21T12:03:13","date_gmt":"2021-05-21T10:03:13","guid":{"rendered":"http:\/\/preprod.alliance-mim.com\/?page_id=27"},"modified":"2026-03-25T20:55:01","modified_gmt":"2026-03-25T19:55:01","slug":"contact","status":"publish","type":"page","link":"https:\/\/alliance-mim.com\/fr\/contact\/","title":{"rendered":"Contact"},"content":{"rendered":"<div   class='avia-fullscreen-slider main_color   avia-builder-el-0  el_before_av_section  avia-builder-el-first  container_wrap fullsize'  ><a href='#next-section' title='' class='scroll-down-link av-control-default avia-svg-icon avia-font-svg_entypo-fontello' data-av_svg_icon='down-open-mini' data-av_iconset='svg_entypo-fontello'><svg version=\"1.1\" xmlns=\"http:\/\/www.w3.org\/2000\/svg\" width=\"15\" height=\"32\" viewBox=\"0 0 15 32\" preserveAspectRatio=\"xMidYMid meet\" aria-labelledby='av-svg-title-1' aria-describedby='av-svg-desc-1' role=\"graphics-symbol\" aria-hidden=\"true\">\n<title id='av-svg-title-1'>Scroller vers la prochaine section<\/title>\n<desc id='av-svg-desc-1'>Scroller vers la prochaine section<\/desc>\n<path d=\"M12.96 12.16q0.704-0.832 1.536 0 0.832 0.704 0 1.536l-6.272 6.144q-0.704 0.704-1.536 0l-6.272-6.144q-0.832-0.832 0-1.536 0.768-0.768 1.6 0l5.44 4.992z\"><\/path>\n<\/svg><\/a><div  class='avia-slideshow av-8bhcj-b46254ff02efcc72ba09e266dfd89fc1 avia-slideshow-1536x1536 av_fullscreen avia-fade-slider av-slideshow-ui av-control-default av-slideshow-autoplay av-loop-endless av-loop-manual-endless av-slider-scroll-down-active av-default-height-applied   avia-slideshow-1' data-slideshow-options=\"{&quot;animation&quot;:&quot;fade&quot;,&quot;autoplay&quot;:true,&quot;loop_autoplay&quot;:&quot;endless&quot;,&quot;interval&quot;:5,&quot;loop_manual&quot;:&quot;manual-endless&quot;,&quot;autoplay_stopper&quot;:false,&quot;noNavigation&quot;:false,&quot;bg_slider&quot;:true,&quot;keep_padding&quot;:false,&quot;hoverpause&quot;:false,&quot;show_slide_delay&quot;:0,&quot;slide_height&quot;:&quot;100&quot;,&quot;image_attachment&quot;:&quot;&quot;}\"  itemprop=\"image\" itemscope=\"itemscope\" itemtype=\"https:\/\/schema.org\/ImageObject\" ><ul class='avia-slideshow-inner ' style='padding-bottom: 66.536458333333%;'><li style='background-position:center center;' data-img-url='https:\/\/alliance-mim.com\/wp-content\/uploads\/2021\/05\/outil-1385-Modifier-1536x1022.jpg' class='avia-slideshow-slide av-8bhcj-b46254ff02efcc72ba09e266dfd89fc1__0  slide-1 slide-odd'><div data-rel='slideshow-1' class='avia-slide-wrap '   ><div class='av-section-color-overlay' style='opacity: 0.6; background-color: #000000; '><\/div><\/div><\/li><li style='background-position:center center;' data-img-url='https:\/\/alliance-mim.com\/wp-content\/uploads\/2021\/05\/outil-1365-Modifier-1536x1022.jpg' class='avia-slideshow-slide av-8bhcj-b46254ff02efcc72ba09e266dfd89fc1__1  slide-2 slide-even'><div data-rel='slideshow-1' class='avia-slide-wrap '   ><div class='av-section-color-overlay' style='opacity: 0.6; background-color: #000000; '><\/div><\/div><\/li><li style='background-position:center center;' data-img-url='https:\/\/alliance-mim.com\/wp-content\/uploads\/2021\/05\/reunion-format-1154-Modifier-1-1536x1022.jpg' class='avia-slideshow-slide av-8bhcj-b46254ff02efcc72ba09e266dfd89fc1__2  slide-3 slide-odd'><div data-rel='slideshow-1' class='avia-slide-wrap '   ><div class='av-section-color-overlay' style='opacity: 0.6; background-color: #000000; '><\/div><\/div><\/li><li style='background-position:center center;' data-img-url='https:\/\/alliance-mim.com\/wp-content\/uploads\/2021\/05\/reunion-format-1218-Modifier-1536x1022.jpg' class='avia-slideshow-slide av-8bhcj-b46254ff02efcc72ba09e266dfd89fc1__3  slide-4 slide-even'><div data-rel='slideshow-1' class='avia-slide-wrap '   ><div class='av-section-color-overlay' style='opacity: 0.6; background-color: #000000; '><\/div><\/div><\/li><li style='background-position:center center;' data-img-url='https:\/\/alliance-mim.com\/wp-content\/uploads\/2021\/05\/reunion-format-1273-Modifier-1536x1022.jpg' class='avia-slideshow-slide av-8bhcj-b46254ff02efcc72ba09e266dfd89fc1__4  slide-5 slide-odd'><div data-rel='slideshow-1' class='avia-slide-wrap '   ><div class='av-section-color-overlay' style='opacity: 0.6; background-color: #000000; '><\/div><\/div><\/li><\/ul><div class='avia-slideshow-arrows avia-slideshow-controls' ><a href='#prev' class='prev-slide  avia-svg-icon avia-font-svg_entypo-fontello' data-av_svg_icon='left-open-big' data-av_iconset='svg_entypo-fontello' tabindex='-1' title=\"Pr\u00e9c\u00e9dent\"><svg version=\"1.1\" xmlns=\"http:\/\/www.w3.org\/2000\/svg\" width=\"15\" height=\"32\" viewBox=\"0 0 15 32\" preserveAspectRatio=\"xMidYMid meet\" aria-labelledby='av-svg-title-2' aria-describedby='av-svg-desc-2' role=\"graphics-symbol\" aria-hidden=\"true\">\n<title id='av-svg-title-2'>Pr\u00e9c\u00e9dent<\/title>\n<desc id='av-svg-desc-2'>Pr\u00e9c\u00e9dent<\/desc>\n<path d=\"M14.464 27.84q0.832 0.832 0 1.536-0.832 0.832-1.536 0l-12.544-12.608q-0.768-0.768 0-1.6l12.544-12.608q0.704-0.832 1.536 0 0.832 0.704 0 1.536l-11.456 11.904z\"><\/path>\n<\/svg><span class='avia_hidden_link_text'>Pr\u00e9c\u00e9dent<\/span><\/a><a href='#next' class='next-slide  avia-svg-icon avia-font-svg_entypo-fontello' data-av_svg_icon='right-open-big' data-av_iconset='svg_entypo-fontello' tabindex='-1' title=\"Suivant\"><svg version=\"1.1\" xmlns=\"http:\/\/www.w3.org\/2000\/svg\" width=\"15\" height=\"32\" viewBox=\"0 0 15 32\" preserveAspectRatio=\"xMidYMid meet\" aria-labelledby='av-svg-title-3' aria-describedby='av-svg-desc-3' role=\"graphics-symbol\" aria-hidden=\"true\">\n<title id='av-svg-title-3'>Suivant<\/title>\n<desc id='av-svg-desc-3'>Suivant<\/desc>\n<path d=\"M0.416 27.84l11.456-11.84-11.456-11.904q-0.832-0.832 0-1.536 0.832-0.832 1.536 0l12.544 12.608q0.768 0.832 0 1.6l-12.544 12.608q-0.704 0.832-1.536 0-0.832-0.704 0-1.536z\"><\/path>\n<\/svg><span class='avia_hidden_link_text'>Suivant<\/span><\/a><\/div><div class='avia-slideshow-dots avia-slideshow-controls'><a href='#1' class='goto-slide active' >1<\/a><a href='#2' class='goto-slide ' >2<\/a><a href='#3' class='goto-slide ' >3<\/a><a href='#4' class='goto-slide ' >4<\/a><a href='#5' class='goto-slide ' >5<\/a><\/div><\/div><\/div>\n<div id='intro_page'  class='avia-section av-6exr7-f778fb357382652c73240992c70be8a7 main_color avia-section-default avia-no-border-styling  avia-builder-el-1  el_after_av_fullscreen  el_before_av_section  avia-bg-style-scroll container_wrap fullsize'  ><div class='container av-section-cont-open' ><div class='template-page content  av-content-full alpha units'><div class='post-entry post-entry-type-page post-entry-27'><div class='entry-content-wrapper clearfix'>\n\n<style type=\"text\/css\" data-created_by=\"avia_inline_auto\" id=\"style-css-av-5sv2v-40049d2bddb5c05b0f0a26678dc10187\">\n#top .flex_column.av-5sv2v-40049d2bddb5c05b0f0a26678dc10187{\nmargin-top:0px;\nmargin-bottom:0px;\n}\n.flex_column.av-5sv2v-40049d2bddb5c05b0f0a26678dc10187{\nborder-radius:0px 0px 0px 0px;\npadding:0px 0px 0px 0px;\nbackground-color:rgba(0,0,0,0.01);\n}\n.responsive #top #wrap_all .flex_column.av-5sv2v-40049d2bddb5c05b0f0a26678dc10187{\nmargin-top:0px;\nmargin-bottom:0px;\n}\n<\/style>\n<div  class='flex_column av-5sv2v-40049d2bddb5c05b0f0a26678dc10187 av_one_half  avia-builder-el-2  avia-builder-el-no-sibling  first flex_column_div av-zero-column-padding  '     ><p><section  class='av_textblock_section av-4z2uv-bad24d7c65fc89fa9928e6ce4b810c38 '   itemscope=\"itemscope\" itemtype=\"https:\/\/schema.org\/CreativeWork\" ><div class='avia_textblock'  itemprop=\"text\" ><div class=\"breadcrumb breadcrumbs avia-breadcrumbs\"><div class=\"breadcrumb-trail\" ><span class=\"trail-before\"><span class=\"breadcrumb-title\">Vous \u00eates ici :<\/span><\/span> <span  itemscope=\"itemscope\" itemtype=\"https:\/\/schema.org\/BreadcrumbList\" ><span  itemscope=\"itemscope\" itemtype=\"https:\/\/schema.org\/ListItem\" itemprop=\"itemListElement\" ><a itemprop=\"url\" href=\"https:\/\/alliance-mim.com\/fr\/\" title=\"AllianceMIM, Metal Injection Moulding\" rel=\"home\" class=\"trail-begin\"><span itemprop=\"name\">Accueil<\/span><\/a><span itemprop=\"position\" class=\"hidden\">1<\/span><\/span><\/span><\/div><\/div>\n<\/div><\/section><br \/>\n\n<style type=\"text\/css\" data-created_by=\"avia_inline_auto\" id=\"style-css-av-48k87-527163bc52f8851e09295ce725cead3b\">\n#top .hr.hr-invisible.av-48k87-527163bc52f8851e09295ce725cead3b{\nheight:60px;\n}\n<\/style>\n<div  class='hr av-48k87-527163bc52f8851e09295ce725cead3b hr-invisible  avia-builder-el-4  el_after_av_textblock  el_before_av_textblock '><span class='hr-inner '><span class=\"hr-inner-style\"><\/span><\/span><\/div><br \/>\n<section  class='av_textblock_section av-kpca9fx4-90d1a6c68ef9220fe3ec2e0ba0636aa4 '   itemscope=\"itemscope\" itemtype=\"https:\/\/schema.org\/CreativeWork\" ><div class='avia_textblock'  itemprop=\"text\" ><h1><span data-sheets-root=\"1\">Contact<br \/>\nParlons de Votre Projet<\/span><\/h1>\n<\/div><\/section><br \/>\n\n<style type=\"text\/css\" data-created_by=\"avia_inline_auto\" id=\"style-css-av-3w70f-fe3577657aa4dd347e427320b41dfd56\">\n#top .hr.hr-invisible.av-3w70f-fe3577657aa4dd347e427320b41dfd56{\nheight:10px;\n}\n<\/style>\n<div  class='hr av-3w70f-fe3577657aa4dd347e427320b41dfd56 hr-invisible  avia-builder-el-6  el_after_av_textblock  el_before_av_textblock '><span class='hr-inner '><span class=\"hr-inner-style\"><\/span><\/span><\/div><br \/>\n\n<style type=\"text\/css\" data-created_by=\"avia_inline_auto\" id=\"style-css-av-3crjv-28c1dda5123befbbdb3a6daf6dd58a1a\">\n#top .av_textblock_section.av-3crjv-28c1dda5123befbbdb3a6daf6dd58a1a .avia_textblock{\nfont-size:24px;\n}\n<\/style>\n<section  class='av_textblock_section av-3crjv-28c1dda5123befbbdb3a6daf6dd58a1a '   itemscope=\"itemscope\" itemtype=\"https:\/\/schema.org\/CreativeWork\" ><div class='avia_textblock'  itemprop=\"text\" ><p>Ecrivez-nous en d\u00e9posant votre message via le formulaire ci-apr\u00e8s.<\/p>\n<\/div><\/section><\/p><\/div><\/div><\/div><\/div><!-- close content main div --><\/div><\/div><div id='av_section_2'  class='avia-section av-2kzuz-7a77ab3a34437822f8399dc1efc53193 main_color avia-section-default avia-no-border-styling  avia-builder-el-8  el_after_av_section  avia-builder-el-last  avia-bg-style-scroll container_wrap fullsize'  ><div class='container av-section-cont-open' ><div class='template-page content  av-content-full alpha units'><div class='post-entry post-entry-type-page post-entry-27'><div class='entry-content-wrapper clearfix'>\n\n<style type=\"text\/css\" data-created_by=\"avia_inline_auto\" id=\"style-css-av-39jb-9503d79f71e8cd0f28a461c38b74425f\">\n.flex_column.av-39jb-9503d79f71e8cd0f28a461c38b74425f{\nborder-radius:0px 0px 0px 0px;\npadding:0px 0px 0px 0px;\n}\n<\/style>\n<div  class='flex_column av-39jb-9503d79f71e8cd0f28a461c38b74425f av_one_fifth  avia-builder-el-9  el_before_av_three_fifth  avia-builder-el-first  first flex_column_div av-zero-column-padding  '     ><\/div>\n<style type=\"text\/css\" data-created_by=\"avia_inline_auto\" id=\"style-css-av-1g1ef-8462bf15775e3ddcc4fe2979f1108b45\">\n.flex_column.av-1g1ef-8462bf15775e3ddcc4fe2979f1108b45{\nborder-radius:0px 0px 0px 0px;\npadding:0px 0px 0px 0px;\n}\n<\/style>\n<div  class='flex_column av-1g1ef-8462bf15775e3ddcc4fe2979f1108b45 av_three_fifth  avia-builder-el-10  el_after_av_one_fifth  el_before_av_one_fifth  flex_column_div av-zero-column-padding  '     ><p>\n<style type=\"text\/css\" data-created_by=\"avia_inline_auto\" id=\"style-css-av-2gv0n-c55a77c8556438f19840b5040edef1a4\">\n#top .hr.hr-invisible.av-2gv0n-c55a77c8556438f19840b5040edef1a4{\nheight:30px;\n}\n<\/style>\n<div  class='hr av-2gv0n-c55a77c8556438f19840b5040edef1a4 hr-invisible  avia-builder-el-11  el_before_av_textblock  avia-builder-el-first '><span class='hr-inner '><span class=\"hr-inner-style\"><\/span><\/span><\/div><br \/>\n<section  class='av_textblock_section av-21wfr-c6d67c46f8ee11166579f7640e735bd6 '   itemscope=\"itemscope\" itemtype=\"https:\/\/schema.org\/CreativeWork\" ><div class='avia_textblock'  itemprop=\"text\" ><h2 style=\"text-align: center;\">Votre demande<\/h2>\n<\/div><\/section><br \/>\n\n<style type=\"text\/css\" data-created_by=\"avia_inline_auto\" id=\"style-css-av-1r9sr-143cd779821c3b5addec446f1d235c0e\">\n#top .hr.hr-invisible.av-1r9sr-143cd779821c3b5addec446f1d235c0e{\nheight:20px;\n}\n<\/style>\n<div  class='hr av-1r9sr-143cd779821c3b5addec446f1d235c0e hr-invisible  avia-builder-el-13  el_after_av_textblock  el_before_av_textblock '><span class='hr-inner '><span class=\"hr-inner-style\"><\/span><\/span><\/div><br \/>\n<section  class='av_textblock_section av-14ja3-0a01b8412f1953865f40f0560a220d69 '   itemscope=\"itemscope\" itemtype=\"https:\/\/schema.org\/CreativeWork\" ><div class='avia_textblock'  itemprop=\"text\" >\n<div class=\"wpcf7 no-js\" id=\"wpcf7-f1257-o1\" lang=\"fr-FR\" dir=\"ltr\" data-wpcf7-id=\"1257\">\n<div class=\"screen-reader-response\"><p role=\"status\" aria-live=\"polite\" aria-atomic=\"true\"><\/p> <ul><\/ul><\/div>\n<form action=\"\/fr\/wp-json\/wp\/v2\/pages\/27#wpcf7-f1257-o1\" method=\"post\" class=\"wpcf7-form init\" aria-label=\"Formulaire de contact\" enctype=\"multipart\/form-data\" novalidate=\"novalidate\" data-status=\"init\">\n<fieldset class=\"hidden-fields-container\"><input type=\"hidden\" name=\"_wpcf7\" value=\"1257\" \/><input type=\"hidden\" name=\"_wpcf7_version\" value=\"6.1.4\" \/><input type=\"hidden\" name=\"_wpcf7_locale\" value=\"fr_FR\" \/><input type=\"hidden\" name=\"_wpcf7_unit_tag\" value=\"wpcf7-f1257-o1\" \/><input type=\"hidden\" name=\"_wpcf7_container_post\" value=\"0\" \/><input type=\"hidden\" name=\"_wpcf7_posted_data_hash\" value=\"\" \/><input type=\"hidden\" name=\"_wpcf7_recaptcha_response\" value=\"\" \/>\n<\/fieldset>\n<p><label> Nom <abbr class=\"required\" title=\"requis\">*<\/abbr><br \/>\n<span class=\"wpcf7-form-control-wrap\" data-name=\"your-name\"><input size=\"40\" maxlength=\"400\" class=\"wpcf7-form-control wpcf7-text wpcf7-validates-as-required\" aria-required=\"true\" aria-invalid=\"false\" value=\"\" type=\"text\" name=\"your-name\" \/><\/span> <\/label>\n<\/p>\n<p><label> Pr\u00e9nom<br \/>\n<span class=\"wpcf7-form-control-wrap\" data-name=\"your-firstname\"><input size=\"40\" maxlength=\"400\" class=\"wpcf7-form-control wpcf7-text\" aria-invalid=\"false\" value=\"\" type=\"text\" name=\"your-firstname\" \/><\/span> <\/label>\n<\/p>\n<p><label> Soci\u00e9t\u00e9<br \/>\n<span class=\"wpcf7-form-control-wrap\" data-name=\"your-society\"><input size=\"40\" maxlength=\"400\" class=\"wpcf7-form-control wpcf7-text\" aria-invalid=\"false\" value=\"\" type=\"text\" name=\"your-society\" \/><\/span> <\/label>\n<\/p>\n<p><label> Adresse e-mail <abbr class=\"required\" title=\"requis\">*<\/abbr><br \/>\n<span class=\"wpcf7-form-control-wrap\" data-name=\"your-email\"><input size=\"40\" maxlength=\"400\" class=\"wpcf7-form-control wpcf7-email wpcf7-validates-as-required wpcf7-text wpcf7-validates-as-email\" aria-required=\"true\" aria-invalid=\"false\" value=\"\" type=\"email\" name=\"your-email\" \/><\/span> <\/label>\n<\/p>\n<p><label> Destinataire <abbr class=\"required\" title=\"requis\">*<\/abbr><br \/>\n<span class=\"wpcf7-form-control-wrap\" data-name=\"destinataire\"><select class=\"wpcf7-form-control wpcf7-select wpcf7-validates-as-required\" id=\"destinataire\" aria-required=\"true\" aria-invalid=\"false\" name=\"destinataire\"><option value=\"\">&#8212;Veuillez choisir une option&#8212;<\/option><option value=\"Service commercial\">Service commercial<\/option><option value=\"Ressources Humaines\">Ressources Humaines<\/option><option value=\"Webmaster\">Webmaster<\/option><\/select><\/span> <\/label>\n<\/p>\n<p><label> Message <abbr class=\"required\" title=\"requis\">*<\/abbr><br \/>\n<span class=\"wpcf7-form-control-wrap\" data-name=\"your-message\"><textarea cols=\"40\" rows=\"10\" maxlength=\"2000\" class=\"wpcf7-form-control wpcf7-textarea wpcf7-validates-as-required\" aria-required=\"true\" aria-invalid=\"false\" name=\"your-message\"><\/textarea><\/span> <\/label>\n<\/p>\n<p><label> Pi\u00e8ce jointe<br \/>\n<span class=\"wpcf7-form-control-wrap\" data-name=\"mon-doc-joint\"><input size=\"40\" class=\"wpcf7-form-control wpcf7-file\" id=\"mon-doc-joint\" accept=\".doc,.docx,.odf,.pdf\" aria-invalid=\"false\" type=\"file\" name=\"mon-doc-joint\" \/><\/span> <span class=\"info\">Extensions autoris\u00e9es :doc,docx,odf,pdf \/ Taille maximale (en kilo-octets): 4000<\/span><\/label>\n<\/p>\n<p><label class=\"check-politique\"><span class=\"wpcf7-form-control-wrap\" data-name=\"acceptance-651\"><span class=\"wpcf7-form-control wpcf7-acceptance\"><span class=\"wpcf7-list-item\"><input type=\"checkbox\" name=\"acceptance-651\" value=\"1\" id=\"accepter_politique_conf\" aria-invalid=\"false\" \/><\/span><\/span><\/span> J'accepte les termes et conditions expos\u00e9s dans la <a href=\"\/fr\/politique-de-confidentialite\/\" target=\"_blank\">politique de confidentialit\u00e9<\/a> <abbr class=\"required\" title=\"requis\">*<\/abbr><\/label>\n<\/p>\n<p><input class=\"wpcf7-form-control wpcf7-submit has-spinner avia-button\" type=\"submit\" value=\"Envoyer\" \/>\n<\/p>\n<div class=\"c\">\n<\/div><div class=\"wpcf7-response-output\" aria-hidden=\"true\"><\/div>\n<\/form>\n<\/div>\n\n<\/div><\/section><\/p><\/div>\n<style type=\"text\/css\" data-created_by=\"avia_inline_auto\" id=\"style-css-av-12job-fbb3dbaa8397eddf0d8861ed755e7c35\">\n.flex_column.av-12job-fbb3dbaa8397eddf0d8861ed755e7c35{\nborder-radius:0px 0px 0px 0px;\npadding:0px 0px 0px 0px;\n}\n<\/style>\n<div  class='flex_column av-12job-fbb3dbaa8397eddf0d8861ed755e7c35 av_one_fifth  avia-builder-el-15  el_after_av_three_fifth  avia-builder-el-last  flex_column_div av-zero-column-padding  '     ><\/div>\n<\/p>\n","protected":false},"excerpt":{"rendered":"","protected":false},"author":1,"featured_media":0,"parent":0,"menu_order":0,"comment_status":"closed","ping_status":"closed","template":"","meta":{"footnotes":""},"class_list":["post-27","page","type-page","status-publish","hentry"],"yoast_head":"<!-- This site is optimized with the Yoast SEO plugin v26.9 - https:\/\/yoast.com\/product\/yoast-seo-wordpress\/ -->\n<title>AllianceMIM, Metal Injection Moulding<\/title>\n<meta name=\"description\" content=\"Contactez Alliance MIM (Doubs, France). Tel : 03 81 87 52 49. Formulaire contact rapide. Expert fran\u00e7ais pi\u00e8ces m\u00e9talliques haute pr\u00e9cision.\" \/>\n<meta name=\"robots\" content=\"index, follow, max-snippet:-1, max-image-preview:large, max-video-preview:-1\" \/>\n<link rel=\"canonical\" href=\"https:\/\/alliance-mim.com\/fr\/contact\/\" \/>\n<meta property=\"og:locale\" content=\"fr_FR\" \/>\n<meta property=\"og:type\" content=\"article\" \/>\n<meta property=\"og:title\" content=\"Contact Alliance MIM | Fabricant MIM Saint-Vit Doubs\" \/>\n<meta property=\"og:description\" content=\"Contactez Alliance MIM (Doubs, France). Tel : 03 81 87 52 49. Formulaire contact rapide. Expert fran\u00e7ais pi\u00e8ces m\u00e9talliques haute pr\u00e9cision.\" \/>\n<meta property=\"og:url\" content=\"https:\/\/alliance-mim.com\/fr\/contact\/\" \/>\n<meta property=\"og:site_name\" content=\"AllianceMIM, Metal Injection Moulding\" \/>\n<meta property=\"article:modified_time\" content=\"2026-03-25T19:55:01+00:00\" \/>\n<meta name=\"twitter:card\" content=\"summary_large_image\" \/>\n<script type=\"application\/ld+json\" class=\"yoast-schema-graph\">{\"@context\":\"https:\/\/schema.org\",\"@graph\":[{\"@type\":\"WebPage\",\"@id\":\"https:\/\/alliance-mim.com\/fr\/contact\/\",\"url\":\"https:\/\/alliance-mim.com\/fr\/contact\/\",\"name\":\"Contact Alliance MIM | Fabricant MIM Saint-Vit Doubs\",\"isPartOf\":{\"@id\":\"https:\/\/alliance-mim.com\/fr\/#website\"},\"datePublished\":\"2021-05-21T10:03:13+00:00\",\"dateModified\":\"2026-03-25T19:55:01+00:00\",\"description\":\"Contactez Alliance MIM (Doubs, France). Tel : 03 81 87 52 49. Formulaire contact rapide. Expert fran\u00e7ais pi\u00e8ces m\u00e9talliques haute pr\u00e9cision.\",\"breadcrumb\":{\"@id\":\"https:\/\/alliance-mim.com\/fr\/contact\/#breadcrumb\"},\"inLanguage\":\"fr-FR\",\"potentialAction\":[{\"@type\":\"ReadAction\",\"target\":[\"https:\/\/alliance-mim.com\/fr\/contact\/\"]}]},{\"@type\":\"BreadcrumbList\",\"@id\":\"https:\/\/alliance-mim.com\/fr\/contact\/#breadcrumb\",\"itemListElement\":[{\"@type\":\"ListItem\",\"position\":1,\"name\":\"Accueil\",\"item\":\"https:\/\/alliance-mim.com\/fr\/accueil\/\"},{\"@type\":\"ListItem\",\"position\":2,\"name\":\"Contact\"}]},{\"@type\":\"WebSite\",\"@id\":\"https:\/\/alliance-mim.com\/fr\/#website\",\"url\":\"https:\/\/alliance-mim.com\/fr\/\",\"name\":\"AllianceMIM, Metal Injection Moulding\",\"description\":\"Moulage par injection de m\u00e9tal\",\"publisher\":{\"@id\":\"https:\/\/alliance-mim.com\/fr\/#organization\"},\"potentialAction\":[{\"@type\":\"SearchAction\",\"target\":{\"@type\":\"EntryPoint\",\"urlTemplate\":\"https:\/\/alliance-mim.com\/fr\/?s={search_term_string}\"},\"query-input\":{\"@type\":\"PropertyValueSpecification\",\"valueRequired\":true,\"valueName\":\"search_term_string\"}}],\"inLanguage\":\"fr-FR\"},{\"@type\":\"Organization\",\"@id\":\"https:\/\/alliance-mim.com\/fr\/#organization\",\"name\":\"Alliance MiM\",\"url\":\"https:\/\/alliance-mim.com\/fr\/\",\"logo\":{\"@type\":\"ImageObject\",\"inLanguage\":\"fr-FR\",\"@id\":\"https:\/\/alliance-mim.com\/fr\/#\/schema\/logo\/image\/\",\"url\":\"https:\/\/alliance-mim.com\/wp-content\/uploads\/2021\/05\/logo-MAKE-IT-GREEN-fond-transparent.png\",\"contentUrl\":\"https:\/\/alliance-mim.com\/wp-content\/uploads\/2021\/05\/logo-MAKE-IT-GREEN-fond-transparent.png\",\"width\":940,\"height\":938,\"caption\":\"Alliance MiM\"},\"image\":{\"@id\":\"https:\/\/alliance-mim.com\/fr\/#\/schema\/logo\/image\/\"}}]}<\/script>\n<!-- \/ Yoast SEO plugin. -->","yoast_head_json":{"title":"AllianceMIM, Metal Injection Moulding","description":"Contactez Alliance MIM (Doubs, France). Tel : 03 81 87 52 49. Formulaire contact rapide. Expert fran\u00e7ais pi\u00e8ces m\u00e9talliques haute pr\u00e9cision.","robots":{"index":"index","follow":"follow","max-snippet":"max-snippet:-1","max-image-preview":"max-image-preview:large","max-video-preview":"max-video-preview:-1"},"canonical":"https:\/\/alliance-mim.com\/fr\/contact\/","og_locale":"fr_FR","og_type":"article","og_title":"Contact Alliance MIM | Fabricant MIM Saint-Vit Doubs","og_description":"Contactez Alliance MIM (Doubs, France). Tel : 03 81 87 52 49. Formulaire contact rapide. Expert fran\u00e7ais pi\u00e8ces m\u00e9talliques haute pr\u00e9cision.","og_url":"https:\/\/alliance-mim.com\/fr\/contact\/","og_site_name":"AllianceMIM, Metal Injection Moulding","article_modified_time":"2026-03-25T19:55:01+00:00","twitter_card":"summary_large_image","schema":{"@context":"https:\/\/schema.org","@graph":[{"@type":"WebPage","@id":"https:\/\/alliance-mim.com\/fr\/contact\/","url":"https:\/\/alliance-mim.com\/fr\/contact\/","name":"Contact Alliance MIM | Fabricant MIM Saint-Vit Doubs","isPartOf":{"@id":"https:\/\/alliance-mim.com\/fr\/#website"},"datePublished":"2021-05-21T10:03:13+00:00","dateModified":"2026-03-25T19:55:01+00:00","description":"Contactez Alliance MIM (Doubs, France). Tel : 03 81 87 52 49. Formulaire contact rapide. Expert fran\u00e7ais pi\u00e8ces m\u00e9talliques haute pr\u00e9cision.","breadcrumb":{"@id":"https:\/\/alliance-mim.com\/fr\/contact\/#breadcrumb"},"inLanguage":"fr-FR","potentialAction":[{"@type":"ReadAction","target":["https:\/\/alliance-mim.com\/fr\/contact\/"]}]},{"@type":"BreadcrumbList","@id":"https:\/\/alliance-mim.com\/fr\/contact\/#breadcrumb","itemListElement":[{"@type":"ListItem","position":1,"name":"Accueil","item":"https:\/\/alliance-mim.com\/fr\/accueil\/"},{"@type":"ListItem","position":2,"name":"Contact"}]},{"@type":"WebSite","@id":"https:\/\/alliance-mim.com\/fr\/#website","url":"https:\/\/alliance-mim.com\/fr\/","name":"AllianceMIM, Metal Injection Moulding","description":"Moulage par injection de m\u00e9tal","publisher":{"@id":"https:\/\/alliance-mim.com\/fr\/#organization"},"potentialAction":[{"@type":"SearchAction","target":{"@type":"EntryPoint","urlTemplate":"https:\/\/alliance-mim.com\/fr\/?s={search_term_string}"},"query-input":{"@type":"PropertyValueSpecification","valueRequired":true,"valueName":"search_term_string"}}],"inLanguage":"fr-FR"},{"@type":"Organization","@id":"https:\/\/alliance-mim.com\/fr\/#organization","name":"Alliance MiM","url":"https:\/\/alliance-mim.com\/fr\/","logo":{"@type":"ImageObject","inLanguage":"fr-FR","@id":"https:\/\/alliance-mim.com\/fr\/#\/schema\/logo\/image\/","url":"https:\/\/alliance-mim.com\/wp-content\/uploads\/2021\/05\/logo-MAKE-IT-GREEN-fond-transparent.png","contentUrl":"https:\/\/alliance-mim.com\/wp-content\/uploads\/2021\/05\/logo-MAKE-IT-GREEN-fond-transparent.png","width":940,"height":938,"caption":"Alliance MiM"},"image":{"@id":"https:\/\/alliance-mim.com\/fr\/#\/schema\/logo\/image\/"}}]}},"_links":{"self":[{"href":"https:\/\/alliance-mim.com\/fr\/wp-json\/wp\/v2\/pages\/27","targetHints":{"allow":["GET"]}}],"collection":[{"href":"https:\/\/alliance-mim.com\/fr\/wp-json\/wp\/v2\/pages"}],"about":[{"href":"https:\/\/alliance-mim.com\/fr\/wp-json\/wp\/v2\/types\/page"}],"author":[{"embeddable":true,"href":"https:\/\/alliance-mim.com\/fr\/wp-json\/wp\/v2\/users\/1"}],"replies":[{"embeddable":true,"href":"https:\/\/alliance-mim.com\/fr\/wp-json\/wp\/v2\/comments?post=27"}],"version-history":[{"count":20,"href":"https:\/\/alliance-mim.com\/fr\/wp-json\/wp\/v2\/pages\/27\/revisions"}],"predecessor-version":[{"id":3193,"href":"https:\/\/alliance-mim.com\/fr\/wp-json\/wp\/v2\/pages\/27\/revisions\/3193"}],"wp:attachment":[{"href":"https:\/\/alliance-mim.com\/fr\/wp-json\/wp\/v2\/media?parent=27"}],"curies":[{"name":"wp","href":"https:\/\/api.w.org\/{rel}","templated":true}]}}